{"id":639,"date":"2025-03-29T14:26:26","date_gmt":"2025-03-29T14:26:26","guid":{"rendered":"https:\/\/nlrealtylegals.com\/?page_id=639"},"modified":"2025-10-17T14:14:56","modified_gmt":"2025-10-17T14:14:56","slug":"programas","status":"publish","type":"page","link":"https:\/\/nlrealtylegals.com\/ru\/programas\/","title":{"rendered":"\u041f\u0440\u043e\u0433\u0440\u0430\u043c\u043c\u0430 \u0438\u043d\u0432\u0435\u0441\u0442\u0438\u0446\u0438\u0439 \u0432 \u043d\u0435\u0434\u0432\u0438\u0436\u0438\u043c\u043e\u0441\u0442\u044c"},"content":{"rendered":"\t\t<div data-elementor-type=\"wp-page\" data-elementor-id=\"639\" class=\"elementor elementor-639\" data-elementor-post-type=\"page\">\n\t\t\t\t<div class=\"elementor-element elementor-element-43a797b e-con-full e-flex e-con e-parent\" data-id=\"43a797b\" data-element_type=\"container\" data-e-type=\"container\" data-settings=\"{&quot;background_background&quot;:&quot;classic&quot;,&quot;jet_parallax_layout_list&quot;:[],&quot;background_motion_fx_motion_fx_scrolling&quot;:&quot;yes&quot;,&quot;background_motion_fx_translateY_effect&quot;:&quot;yes&quot;,&quot;background_motion_fx_translateY_speed&quot;:{&quot;unit&quot;:&quot;px&quot;,&quot;size&quot;:4,&quot;sizes&quot;:[]},&quot;background_motion_fx_translateY_affectedRange&quot;:{&quot;unit&quot;:&quot;%&quot;,&quot;size&quot;:&quot;&quot;,&quot;sizes&quot;:{&quot;start&quot;:0,&quot;end&quot;:100}},&quot;background_motion_fx_devices&quot;:[&quot;desktop&quot;,&quot;tablet&quot;,&quot;mobile&quot;]}\">\n\t\t\t\t<div class=\"elementor-element elementor-element-3e30e32 elementor-invisible elementor-widget elementor-widget-heading\" data-id=\"3e30e32\" data-element_type=\"widget\" data-e-type=\"widget\" data-settings=\"{&quot;_animation&quot;:&quot;fadeInDown&quot;}\" data-widget_type=\"heading.default\">\n\t\t\t\t<div class=\"elementor-widget-container\">\n\t\t\t\t\t<h2 class=\"elementor-heading-title elementor-size-default\">Programa de Residencia para Inversionistas en Panam\u00e1<\/h2>\t\t\t\t<\/div>\n\t\t\t\t<\/div>\n\t\t\t\t<\/div>\n\t\t<div class=\"elementor-element elementor-element-9027a7f e-flex e-con-boxed e-con e-parent\" data-id=\"9027a7f\" data-element_type=\"container\" data-e-type=\"container\" data-settings=\"{&quot;jet_parallax_layout_list&quot;:[]}\">\n\t\t\t\t\t<div class=\"e-con-inner\">\n\t\t\t\t<div class=\"elementor-element elementor-element-d89b7e3 elementor-invisible elementor-widget elementor-widget-heading\" data-id=\"d89b7e3\" data-element_type=\"widget\" data-e-type=\"widget\" data-settings=\"{&quot;_animation&quot;:&quot;fadeInUp&quot;}\" data-widget_type=\"heading.default\">\n\t\t\t\t<div class=\"elementor-widget-container\">\n\t\t\t\t\t<h2 class=\"elementor-heading-title elementor-size-default\">Programa de Inversi\u00f3n Inmobiliaria <\/h2>\t\t\t\t<\/div>\n\t\t\t\t<\/div>\n\t\t\t\t<div class=\"elementor-element elementor-element-d2c59bd elementor-widget__width-initial elementor-widget elementor-widget-text-editor\" data-id=\"d2c59bd\" data-element_type=\"widget\" data-e-type=\"widget\" data-widget_type=\"text-editor.default\">\n\t\t\t\t<div class=\"elementor-widget-container\">\n\t\t\t\t\t\t\t\t\t<p>Obtenga residencia permanente en Panam\u00e1 mediante el Programa de Residentes para Inversionistas, una oportunidad \u00fanica para asegurar su estad\u00eda en este destino estrat\u00e9gico de Centroam\u00e9rica. Con una inversi\u00f3n m\u00ednima de US $300,000.00, usted puede obtener su residencia en tan solo treinta (30) d\u00edas laborales, y disfrutar de los beneficios de vivir en un pa\u00eds con estabilidad econ\u00f3mica, conectividad global, una excelente calidad de vida y un clima tropical paradisiaco.<\/p>\t\t\t\t\t\t\t\t<\/div>\n\t\t\t\t<\/div>\n\t\t\t\t<div class=\"elementor-element elementor-element-13fb54c elementor-align-center elementor-widget elementor-widget-button\" data-id=\"13fb54c\" data-element_type=\"widget\" data-e-type=\"widget\" data-widget_type=\"button.default\">\n\t\t\t\t<div class=\"elementor-widget-container\">\n\t\t\t\t\t\t\t\t\t<div class=\"elementor-button-wrapper\">\n\t\t\t\t\t<a class=\"elementor-button elementor-button-link elementor-size-sm elementor-animation-grow\" href=\"https:\/\/nlrealtylegals.com\/#contacto\">\n\t\t\t\t\t\t<span class=\"elementor-button-content-wrapper\">\n\t\t\t\t\t\t\t\t\t<span class=\"elementor-button-text\">Cont\u00e1ctanos para recibir asesoramiento<\/span>\n\t\t\t\t\t<\/span>\n\t\t\t\t\t<\/a>\n\t\t\t\t<\/div>\n\t\t\t\t\t\t\t\t<\/div>\n\t\t\t\t<\/div>\n\t\t\t\t\t<\/div>\n\t\t\t\t<\/div>\n\t\t<div class=\"elementor-element elementor-element-c51d49e e-flex e-con-boxed e-con e-parent\" data-id=\"c51d49e\" data-element_type=\"container\" data-e-type=\"container\" data-settings=\"{&quot;background_background&quot;:&quot;classic&quot;,&quot;jet_parallax_layout_list&quot;:[],&quot;background_motion_fx_motion_fx_scrolling&quot;:&quot;yes&quot;,&quot;background_motion_fx_translateY_effect&quot;:&quot;yes&quot;,&quot;background_motion_fx_translateY_speed&quot;:{&quot;unit&quot;:&quot;px&quot;,&quot;size&quot;:4,&quot;sizes&quot;:[]},&quot;background_motion_fx_translateY_affectedRange&quot;:{&quot;unit&quot;:&quot;%&quot;,&quot;size&quot;:&quot;&quot;,&quot;sizes&quot;:{&quot;start&quot;:0,&quot;end&quot;:100}},&quot;background_motion_fx_devices&quot;:[&quot;desktop&quot;,&quot;tablet&quot;,&quot;mobile&quot;]}\">\n\t\t\t\t\t<div class=\"e-con-inner\">\n\t\t\t\t<div class=\"elementor-element elementor-element-3fe9dfa elementor-widget-tablet__width-initial elementor-invisible elementor-widget elementor-widget-heading\" data-id=\"3fe9dfa\" data-element_type=\"widget\" data-e-type=\"widget\" data-settings=\"{&quot;_animation&quot;:&quot;fadeInUp&quot;}\" data-widget_type=\"heading.default\">\n\t\t\t\t<div class=\"elementor-widget-container\">\n\t\t\t\t\t<h2 class=\"elementor-heading-title elementor-size-default\">\u00bfPor Qu\u00e9 Panam\u00e1 es el Lugar Perfecto para Invertir?<\/h2>\t\t\t\t<\/div>\n\t\t\t\t<\/div>\n\t\t\t\t<div class=\"elementor-element elementor-element-a018252 elementor-widget__width-initial elementor-widget elementor-widget-text-editor\" data-id=\"a018252\" data-element_type=\"widget\" data-e-type=\"widget\" data-widget_type=\"text-editor.default\">\n\t\t\t\t<div class=\"elementor-widget-container\">\n\t\t\t\t\t\t\t\t\t<p>Panam\u00e1 es un epicentro de oportunidades, con un sistema dolarizado, infraestructura moderna y una posici\u00f3n geogr\u00e1fica \u00fanica que facilita el acceso a mercados internacionales. Descubre la seguridad y prosperidad que ofrece un pa\u00eds con baja criminalidad, excelentes servicios m\u00e9dicos y opciones educativas de alta calidad. Invertir en Panam\u00e1 es asegurar un futuro pr\u00f3spero y de oportunidades para usted y su familia.<\/p>\t\t\t\t\t\t\t\t<\/div>\n\t\t\t\t<\/div>\n\t\t\t\t<div class=\"elementor-element elementor-element-5c15153 elementor-align-center elementor-widget elementor-widget-button\" data-id=\"5c15153\" data-element_type=\"widget\" data-e-type=\"widget\" data-widget_type=\"button.default\">\n\t\t\t\t<div class=\"elementor-widget-container\">\n\t\t\t\t\t\t\t\t\t<div class=\"elementor-button-wrapper\">\n\t\t\t\t\t<a class=\"elementor-button elementor-button-link elementor-size-sm elementor-animation-grow\" href=\"https:\/\/nlrealtylegals.com\/#contacto\">\n\t\t\t\t\t\t<span class=\"elementor-button-content-wrapper\">\n\t\t\t\t\t\t\t\t\t<span class=\"elementor-button-text\">Descubre las mejores propiedades para inversi\u00f3n<\/span>\n\t\t\t\t\t<\/span>\n\t\t\t\t\t<\/a>\n\t\t\t\t<\/div>\n\t\t\t\t\t\t\t\t<\/div>\n\t\t\t\t<\/div>\n\t\t\t\t\t<\/div>\n\t\t\t\t<\/div>\n\t\t<div class=\"elementor-element elementor-element-e56ca0c e-flex e-con-boxed e-con e-parent\" data-id=\"e56ca0c\" data-element_type=\"container\" data-e-type=\"container\" data-settings=\"{&quot;jet_parallax_layout_list&quot;:[]}\">\n\t\t\t\t\t<div class=\"e-con-inner\">\n\t\t<div class=\"elementor-element elementor-element-a0e9ce2 e-con-full e-flex e-con e-child\" data-id=\"a0e9ce2\" data-element_type=\"container\" data-e-type=\"container\" data-settings=\"{&quot;jet_parallax_layout_list&quot;:[]}\">\n\t\t\t\t<div class=\"elementor-element elementor-element-56b09d0 elementor-invisible elementor-widget elementor-widget-heading\" data-id=\"56b09d0\" data-element_type=\"widget\" data-e-type=\"widget\" data-settings=\"{&quot;_animation&quot;:&quot;fadeInUp&quot;}\" data-widget_type=\"heading.default\">\n\t\t\t\t<div class=\"elementor-widget-container\">\n\t\t\t\t\t<h2 class=\"elementor-heading-title elementor-size-default\">Beneficios<\/h2>\t\t\t\t<\/div>\n\t\t\t\t<\/div>\n\t\t\t\t<div class=\"elementor-element elementor-element-60645a7 elementor-widget-mobile__width-initial elementor-widget elementor-widget-text-editor\" data-id=\"60645a7\" data-element_type=\"widget\" data-e-type=\"widget\" data-widget_type=\"text-editor.default\">\n\t\t\t\t<div class=\"elementor-widget-container\">\n\t\t\t\t\t\t\t\t\t<ul><li>Residencia permanente en 30 d\u00edas h\u00e1biles.<\/li><li>Acceso a privilegios en un entorno seguro.<\/li><li>Estabilidad jur\u00eddica.<\/li><li>Conectividad global.<\/li><li>Educaci\u00f3n y servicios m\u00e9dicos de calidad.<\/li><li>Panam\u00e1 como centro de oportunidades en Centroam\u00e9rica y hub financiero y log\u00edstico con econom\u00eda dolarizada<\/li><\/ul>\t\t\t\t\t\t\t\t<\/div>\n\t\t\t\t<\/div>\n\t\t\t\t<div class=\"elementor-element elementor-element-8a2e8c6 elementor-align-left elementor-widget elementor-widget-button\" data-id=\"8a2e8c6\" data-element_type=\"widget\" data-e-type=\"widget\" data-widget_type=\"button.default\">\n\t\t\t\t<div class=\"elementor-widget-container\">\n\t\t\t\t\t\t\t\t\t<div class=\"elementor-button-wrapper\">\n\t\t\t\t\t<a class=\"elementor-button elementor-button-link elementor-size-sm elementor-animation-grow\" href=\"https:\/\/nlrealtylegals.com\/#contacto\">\n\t\t\t\t\t\t<span class=\"elementor-button-content-wrapper\">\n\t\t\t\t\t\t\t\t\t<span class=\"elementor-button-text\">Cont\u00e1ctanos hoy mismo<\/span>\n\t\t\t\t\t<\/span>\n\t\t\t\t\t<\/a>\n\t\t\t\t<\/div>\n\t\t\t\t\t\t\t\t<\/div>\n\t\t\t\t<\/div>\n\t\t\t\t<\/div>\n\t\t<div class=\"elementor-element elementor-element-54c8d5d e-con-full e-flex e-con e-child\" data-id=\"54c8d5d\" data-element_type=\"container\" data-e-type=\"container\" data-settings=\"{&quot;background_background&quot;:&quot;slideshow&quot;,&quot;jet_parallax_layout_list&quot;:[],&quot;background_slideshow_gallery&quot;:[{&quot;id&quot;:1143,&quot;url&quot;:&quot;https:\\\/\\\/nlrealtylegals.com\\\/wp-content\\\/uploads\\\/2025\\\/04\\\/AdobeStock_314732737.jpg&quot;},{&quot;id&quot;:1146,&quot;url&quot;:&quot;https:\\\/\\\/nlrealtylegals.com\\\/wp-content\\\/uploads\\\/2025\\\/04\\\/AdobeStock_177439605.jpg&quot;},{&quot;id&quot;:1144,&quot;url&quot;:&quot;https:\\\/\\\/nlrealtylegals.com\\\/wp-content\\\/uploads\\\/2025\\\/04\\\/AdobeStock_323347716.jpg&quot;},{&quot;id&quot;:1145,&quot;url&quot;:&quot;https:\\\/\\\/nlrealtylegals.com\\\/wp-content\\\/uploads\\\/2025\\\/04\\\/AdobeStock_577509892.jpg&quot;},{&quot;id&quot;:1147,&quot;url&quot;:&quot;https:\\\/\\\/nlrealtylegals.com\\\/wp-content\\\/uploads\\\/2025\\\/04\\\/AdobeStock_404409362.jpg&quot;}],&quot;background_slideshow_loop&quot;:&quot;yes&quot;,&quot;background_slideshow_slide_duration&quot;:5000,&quot;background_slideshow_slide_transition&quot;:&quot;fade&quot;,&quot;background_slideshow_transition_duration&quot;:500}\">\n\t\t\t\t<div class=\"elementor-element elementor-element-2a5fe70 elementor-widget elementor-widget-spacer\" data-id=\"2a5fe70\" data-element_type=\"widget\" data-e-type=\"widget\" data-widget_type=\"spacer.default\">\n\t\t\t\t<div class=\"elementor-widget-container\">\n\t\t\t\t\t\t\t<div class=\"elementor-spacer\">\n\t\t\t<div class=\"elementor-spacer-inner\"><\/div>\n\t\t<\/div>\n\t\t\t\t\t\t<\/div>\n\t\t\t\t<\/div>\n\t\t\t\t<\/div>\n\t\t\t\t\t<\/div>\n\t\t\t\t<\/div>\n\t\t<div class=\"elementor-element elementor-element-ab349b0 e-flex e-con-boxed e-con e-parent\" data-id=\"ab349b0\" data-element_type=\"container\" data-e-type=\"container\" data-settings=\"{&quot;background_background&quot;:&quot;classic&quot;,&quot;jet_parallax_layout_list&quot;:[],&quot;background_motion_fx_motion_fx_scrolling&quot;:&quot;yes&quot;,&quot;background_motion_fx_translateY_effect&quot;:&quot;yes&quot;,&quot;background_motion_fx_translateY_speed&quot;:{&quot;unit&quot;:&quot;px&quot;,&quot;size&quot;:4,&quot;sizes&quot;:[]},&quot;background_motion_fx_translateY_affectedRange&quot;:{&quot;unit&quot;:&quot;%&quot;,&quot;size&quot;:&quot;&quot;,&quot;sizes&quot;:{&quot;start&quot;:0,&quot;end&quot;:100}},&quot;background_motion_fx_devices&quot;:[&quot;desktop&quot;,&quot;tablet&quot;,&quot;mobile&quot;]}\">\n\t\t\t\t\t<div class=\"e-con-inner\">\n\t\t\t\t<div class=\"elementor-element elementor-element-9bd3216 elementor-invisible elementor-widget elementor-widget-heading\" data-id=\"9bd3216\" data-element_type=\"widget\" data-e-type=\"widget\" data-settings=\"{&quot;_animation&quot;:&quot;fadeInUp&quot;}\" data-widget_type=\"heading.default\">\n\t\t\t\t<div class=\"elementor-widget-container\">\n\t\t\t\t\t<h2 class=\"elementor-heading-title elementor-size-default\">Completa el Formulario<\/h2>\t\t\t\t<\/div>\n\t\t\t\t<\/div>\n\t\t\t\t<div class=\"elementor-element elementor-element-8c975c4 elementor-widget__width-initial elementor-button-align-stretch elementor-widget elementor-widget-form\" data-id=\"8c975c4\" data-element_type=\"widget\" data-e-type=\"widget\" data-settings=\"{&quot;step_next_label&quot;:&quot;Siguiente&quot;,&quot;step_previous_label&quot;:&quot;Anterior&quot;,&quot;button_width&quot;:&quot;100&quot;,&quot;step_type&quot;:&quot;number_text&quot;,&quot;step_icon_shape&quot;:&quot;circle&quot;}\" data-widget_type=\"form.default\">\n\t\t\t\t<div class=\"elementor-widget-container\">\n\t\t\t\t\t\t\t<form class=\"elementor-form\" method=\"post\" name=\"Nuevo formulario\" aria-label=\"Nuevo formulario\">\n\t\t\t<input type=\"hidden\" name=\"post_id\" value=\"639\"\/>\n\t\t\t<input type=\"hidden\" name=\"form_id\" value=\"8c975c4\"\/>\n\t\t\t<input type=\"hidden\" name=\"referer_title\" value=\"Programas para Inversionistas en Panam\u00e1 | NL Realty &amp; Legal\" \/>\n\n\t\t\t\t\t\t\t<input type=\"hidden\" name=\"queried_id\" value=\"639\"\/>\n\t\t\t\n\t\t\t<div class=\"elementor-form-fields-wrapper elementor-labels-above\">\n\t\t\t\t\t\t\t\t<div class=\"elementor-field-type-text elementor-field-group elementor-column elementor-field-group-name elementor-col-100\">\n\t\t\t\t\t\t\t\t\t\t\t\t<label for=\"form-field-name\" class=\"elementor-field-label\">\n\t\t\t\t\t\t\t\tNombre Completo\t\t\t\t\t\t\t<\/label>\n\t\t\t\t\t\t\t\t\t\t\t\t\t\t<input size=\"1\" type=\"text\" name=\"form_fields[name]\" id=\"form-field-name\" class=\"elementor-field elementor-size-sm  elementor-field-textual\" placeholder=\"Juan Rodriguez\">\n\t\t\t\t\t\t\t\t\t\t\t<\/div>\n\t\t\t\t\t\t\t\t<div class=\"elementor-field-type-email elementor-field-group elementor-column elementor-field-group-email elementor-col-100 elementor-field-required\">\n\t\t\t\t\t\t\t\t\t\t\t\t<label for=\"form-field-email\" class=\"elementor-field-label\">\n\t\t\t\t\t\t\t\tCorreo electr\u00f3nico\t\t\t\t\t\t\t<\/label>\n\t\t\t\t\t\t\t\t\t\t\t\t\t\t<input size=\"1\" type=\"email\" name=\"form_fields[email]\" id=\"form-field-email\" class=\"elementor-field elementor-size-sm  elementor-field-textual\" placeholder=\"email@gmail.com\" required=\"required\">\n\t\t\t\t\t\t\t\t\t\t\t<\/div>\n\t\t\t\t\t\t\t\t<div class=\"elementor-field-type-textarea elementor-field-group elementor-column elementor-field-group-message elementor-col-100\">\n\t\t\t\t\t\t\t\t\t\t\t\t<label for=\"form-field-message\" class=\"elementor-field-label\">\n\t\t\t\t\t\t\t\tMensaje\t\t\t\t\t\t\t<\/label>\n\t\t\t\t\t\t<textarea class=\"elementor-field-textual elementor-field  elementor-size-sm\" name=\"form_fields[message]\" id=\"form-field-message\" rows=\"4\" placeholder=\"Mensaje\"><\/textarea>\t\t\t\t<\/div>\n\t\t\t\t\t\t\t\t<div class=\"elementor-field-type-recaptcha_v3 elementor-field-group elementor-column elementor-field-group-field_277d111 elementor-col-100 recaptcha_v3-bottomright\">\n\t\t\t\t\t<div class=\"elementor-field\" id=\"form-field-field_277d111\"><div class=\"elementor-g-recaptcha\" data-sitekey=\"6Lcn_lYrAAAAAKOqnHhHo_33vJ-Q4wvv1qkLxvve\" data-type=\"v3\" data-action=\"Form\" data-badge=\"bottomright\" data-size=\"invisible\"><\/div><\/div>\t\t\t\t<\/div>\n\t\t\t\t\t\t\t\t<div class=\"elementor-field-group elementor-column elementor-field-type-submit elementor-col-100 e-form__buttons\">\n\t\t\t\t\t<button class=\"elementor-button elementor-size-sm\" type=\"submit\">\n\t\t\t\t\t\t<span class=\"elementor-button-content-wrapper\">\n\t\t\t\t\t\t\t\t\t\t\t\t\t\t\t\t\t\t\t\t\t\t<span class=\"elementor-button-text\">Enviar<\/span>\n\t\t\t\t\t\t\t\t\t\t\t\t\t<\/span>\n\t\t\t\t\t<\/button>\n\t\t\t\t<\/div>\n\t\t\t<\/div>\n\t\t<\/form>\n\t\t\t\t\t\t<\/div>\n\t\t\t\t<\/div>\n\t\t\t\t\t<\/div>\n\t\t\t\t<\/div>\n\t\t\t\t<\/div>\n\t\t","protected":false},"excerpt":{"rendered":"<p>Programa de Residencia para Inversionistas en Panam\u00e1 Programa de Inversi\u00f3n Inmobiliaria Obtenga residencia permanente en Panam\u00e1 mediante el Programa de Residentes para Inversionistas, una oportunidad \u00fanica para asegurar su estad\u00eda en este destino estrat\u00e9gico de Centroam\u00e9rica. Con una inversi\u00f3n m\u00ednima de US $300,000.00, usted puede obtener su residencia en tan solo treinta (30) d\u00edas laborales, [&hellip;]<\/p>\n","protected":false},"author":1,"featured_media":0,"parent":0,"menu_order":0,"comment_status":"closed","ping_status":"closed","template":"elementor_header_footer","meta":{"_joinchat":[],"footnotes":""},"class_list":["post-639","page","type-page","status-publish","hentry"],"yoast_head":"<!-- This site is optimized with the Yoast SEO plugin v27.5 - https:\/\/yoast.com\/product\/yoast-seo-wordpress\/ -->\n<title>Programas para Inversionistas en Panam\u00e1 | NL Realty &amp; Legal<\/title>\n<meta name=\"description\" content=\"Obt\u00e9n residencia permanente en Panam\u00e1 mediante programas de inversi\u00f3n inmobiliaria. Asesor\u00eda completa para inversionistas extranjeros.\" \/>\n<meta name=\"robots\" content=\"index, follow, max-snippet:-1, max-image-preview:large, max-video-preview:-1\" \/>\n<link rel=\"canonical\" href=\"https:\/\/nlrealtylegals.com\/ru\/programas\/\" \/>\n<meta property=\"og:locale\" content=\"ru_RU\" \/>\n<meta property=\"og:type\" content=\"article\" \/>\n<meta property=\"og:title\" content=\"Programas para Inversionistas en Panam\u00e1 | NL Realty &amp; Legal\" \/>\n<meta property=\"og:description\" content=\"Obt\u00e9n residencia permanente en Panam\u00e1 mediante programas de inversi\u00f3n inmobiliaria. Asesor\u00eda completa para inversionistas extranjeros.\" \/>\n<meta property=\"og:url\" content=\"https:\/\/nlrealtylegals.com\/ru\/programas\/\" \/>\n<meta property=\"og:site_name\" content=\"nlrealtylegals.com\" \/>\n<meta property=\"article:modified_time\" content=\"2025-10-17T14:14:56+00:00\" \/>\n<meta name=\"twitter:card\" content=\"summary_large_image\" \/>\n<meta name=\"twitter:label1\" content=\"\u041f\u0440\u0438\u043c\u0435\u0440\u043d\u043e\u0435 \u0432\u0440\u0435\u043c\u044f \u0434\u043b\u044f \u0447\u0442\u0435\u043d\u0438\u044f\" \/>\n\t<meta name=\"twitter:data1\" content=\"1 \u043c\u0438\u043d\u0443\u0442\u0430\" \/>\n<script type=\"application\/ld+json\" class=\"yoast-schema-graph\">{\"@context\":\"https:\\\/\\\/schema.org\",\"@graph\":[{\"@type\":\"WebPage\",\"@id\":\"https:\\\/\\\/nlrealtylegals.com\\\/programas\\\/\",\"url\":\"https:\\\/\\\/nlrealtylegals.com\\\/programas\\\/\",\"name\":\"Programas para Inversionistas en Panam\u00e1 | NL Realty & Legal\",\"isPartOf\":{\"@id\":\"https:\\\/\\\/nlrealtylegals.com\\\/#website\"},\"datePublished\":\"2025-03-29T14:26:26+00:00\",\"dateModified\":\"2025-10-17T14:14:56+00:00\",\"description\":\"Obt\u00e9n residencia permanente en Panam\u00e1 mediante programas de inversi\u00f3n inmobiliaria. Asesor\u00eda completa para inversionistas extranjeros.\",\"breadcrumb\":{\"@id\":\"https:\\\/\\\/nlrealtylegals.com\\\/programas\\\/#breadcrumb\"},\"inLanguage\":\"ru-RU\",\"potentialAction\":[{\"@type\":\"ReadAction\",\"target\":[\"https:\\\/\\\/nlrealtylegals.com\\\/programas\\\/\"]}]},{\"@type\":\"BreadcrumbList\",\"@id\":\"https:\\\/\\\/nlrealtylegals.com\\\/programas\\\/#breadcrumb\",\"itemListElement\":[{\"@type\":\"ListItem\",\"position\":1,\"name\":\"Portada\",\"item\":\"https:\\\/\\\/nlrealtylegals.com\\\/\"},{\"@type\":\"ListItem\",\"position\":2,\"name\":\"Programa de Inversi\u00f3n Inmobiliaria\"}]},{\"@type\":\"WebSite\",\"@id\":\"https:\\\/\\\/nlrealtylegals.com\\\/#website\",\"url\":\"https:\\\/\\\/nlrealtylegals.com\\\/\",\"name\":\"NL Realty Legals\",\"description\":\"\",\"publisher\":{\"@id\":\"https:\\\/\\\/nlrealtylegals.com\\\/#organization\"},\"potentialAction\":[{\"@type\":\"SearchAction\",\"target\":{\"@type\":\"EntryPoint\",\"urlTemplate\":\"https:\\\/\\\/nlrealtylegals.com\\\/?s={search_term_string}\"},\"query-input\":{\"@type\":\"PropertyValueSpecification\",\"valueRequired\":true,\"valueName\":\"search_term_string\"}}],\"inLanguage\":\"ru-RU\"},{\"@type\":\"Organization\",\"@id\":\"https:\\\/\\\/nlrealtylegals.com\\\/#organization\",\"name\":\"NL Realty Legals\",\"url\":\"https:\\\/\\\/nlrealtylegals.com\\\/\",\"logo\":{\"@type\":\"ImageObject\",\"inLanguage\":\"ru-RU\",\"@id\":\"https:\\\/\\\/nlrealtylegals.com\\\/#\\\/schema\\\/logo\\\/image\\\/\",\"url\":\"https:\\\/\\\/nlrealtylegals.com\\\/wp-content\\\/uploads\\\/2025\\\/03\\\/nl-logo-1-tinta-negro.png\",\"contentUrl\":\"https:\\\/\\\/nlrealtylegals.com\\\/wp-content\\\/uploads\\\/2025\\\/03\\\/nl-logo-1-tinta-negro.png\",\"width\":1194,\"height\":1145,\"caption\":\"NL Realty Legals\"},\"image\":{\"@id\":\"https:\\\/\\\/nlrealtylegals.com\\\/#\\\/schema\\\/logo\\\/image\\\/\"}}]}<\/script>\n<!-- \/ Yoast SEO plugin. -->","yoast_head_json":{"title":"Programas para Inversionistas en Panam\u00e1 | NL Realty & Legal","description":"Obt\u00e9n residencia permanente en Panam\u00e1 mediante programas de inversi\u00f3n inmobiliaria. Asesor\u00eda completa para inversionistas extranjeros.","robots":{"index":"index","follow":"follow","max-snippet":"max-snippet:-1","max-image-preview":"max-image-preview:large","max-video-preview":"max-video-preview:-1"},"canonical":"https:\/\/nlrealtylegals.com\/ru\/programas\/","og_locale":"ru_RU","og_type":"article","og_title":"Programas para Inversionistas en Panam\u00e1 | NL Realty & Legal","og_description":"Obt\u00e9n residencia permanente en Panam\u00e1 mediante programas de inversi\u00f3n inmobiliaria. Asesor\u00eda completa para inversionistas extranjeros.","og_url":"https:\/\/nlrealtylegals.com\/ru\/programas\/","og_site_name":"nlrealtylegals.com","article_modified_time":"2025-10-17T14:14:56+00:00","twitter_card":"summary_large_image","twitter_misc":{"\u041f\u0440\u0438\u043c\u0435\u0440\u043d\u043e\u0435 \u0432\u0440\u0435\u043c\u044f \u0434\u043b\u044f \u0447\u0442\u0435\u043d\u0438\u044f":"1 \u043c\u0438\u043d\u0443\u0442\u0430"},"schema":{"@context":"https:\/\/schema.org","@graph":[{"@type":"WebPage","@id":"https:\/\/nlrealtylegals.com\/programas\/","url":"https:\/\/nlrealtylegals.com\/programas\/","name":"Programas para Inversionistas en Panam\u00e1 | NL Realty & Legal","isPartOf":{"@id":"https:\/\/nlrealtylegals.com\/#website"},"datePublished":"2025-03-29T14:26:26+00:00","dateModified":"2025-10-17T14:14:56+00:00","description":"Obt\u00e9n residencia permanente en Panam\u00e1 mediante programas de inversi\u00f3n inmobiliaria. Asesor\u00eda completa para inversionistas extranjeros.","breadcrumb":{"@id":"https:\/\/nlrealtylegals.com\/programas\/#breadcrumb"},"inLanguage":"ru-RU","potentialAction":[{"@type":"ReadAction","target":["https:\/\/nlrealtylegals.com\/programas\/"]}]},{"@type":"BreadcrumbList","@id":"https:\/\/nlrealtylegals.com\/programas\/#breadcrumb","itemListElement":[{"@type":"ListItem","position":1,"name":"Portada","item":"https:\/\/nlrealtylegals.com\/"},{"@type":"ListItem","position":2,"name":"Programa de Inversi\u00f3n Inmobiliaria"}]},{"@type":"WebSite","@id":"https:\/\/nlrealtylegals.com\/#website","url":"https:\/\/nlrealtylegals.com\/","name":"NL Realty Legals","description":"","publisher":{"@id":"https:\/\/nlrealtylegals.com\/#organization"},"potentialAction":[{"@type":"SearchAction","target":{"@type":"EntryPoint","urlTemplate":"https:\/\/nlrealtylegals.com\/?s={search_term_string}"},"query-input":{"@type":"PropertyValueSpecification","valueRequired":true,"valueName":"search_term_string"}}],"inLanguage":"ru-RU"},{"@type":"Organization","@id":"https:\/\/nlrealtylegals.com\/#organization","name":"NL Realty Legals","url":"https:\/\/nlrealtylegals.com\/","logo":{"@type":"ImageObject","inLanguage":"ru-RU","@id":"https:\/\/nlrealtylegals.com\/#\/schema\/logo\/image\/","url":"https:\/\/nlrealtylegals.com\/wp-content\/uploads\/2025\/03\/nl-logo-1-tinta-negro.png","contentUrl":"https:\/\/nlrealtylegals.com\/wp-content\/uploads\/2025\/03\/nl-logo-1-tinta-negro.png","width":1194,"height":1145,"caption":"NL Realty Legals"},"image":{"@id":"https:\/\/nlrealtylegals.com\/#\/schema\/logo\/image\/"}}]}},"_links":{"self":[{"href":"https:\/\/nlrealtylegals.com\/ru\/wp-json\/wp\/v2\/pages\/639","targetHints":{"allow":["GET"]}}],"collection":[{"href":"https:\/\/nlrealtylegals.com\/ru\/wp-json\/wp\/v2\/pages"}],"about":[{"href":"https:\/\/nlrealtylegals.com\/ru\/wp-json\/wp\/v2\/types\/page"}],"author":[{"embeddable":true,"href":"https:\/\/nlrealtylegals.com\/ru\/wp-json\/wp\/v2\/users\/1"}],"replies":[{"embeddable":true,"href":"https:\/\/nlrealtylegals.com\/ru\/wp-json\/wp\/v2\/comments?post=639"}],"version-history":[{"count":95,"href":"https:\/\/nlrealtylegals.com\/ru\/wp-json\/wp\/v2\/pages\/639\/revisions"}],"predecessor-version":[{"id":1520,"href":"https:\/\/nlrealtylegals.com\/ru\/wp-json\/wp\/v2\/pages\/639\/revisions\/1520"}],"wp:attachment":[{"href":"https:\/\/nlrealtylegals.com\/ru\/wp-json\/wp\/v2\/media?parent=639"}],"curies":[{"name":"wp","href":"https:\/\/api.w.org\/{rel}","templated":true}]}}